{"id":2,"date":"2021-07-09T22:55:07","date_gmt":"2021-07-09T22:55:07","guid":{"rendered":"http:\/\/www.szkolenia-zarzadzanie.com.pl\/?page_id=2"},"modified":"2022-06-05T12:41:55","modified_gmt":"2022-06-05T12:41:55","slug":"sample-page","status":"publish","type":"page","link":"https:\/\/www.szkolenia-zarzadzanie.com.pl\/","title":{"rendered":"Witaj"},"content":{"rendered":"<p><img loading=\"lazy\" decoding=\"async\" class=\"size-thumbnail wp-image-84 alignleft\" src=\"https:\/\/www.szkolenia-zarzadzanie.com.pl\/wp-content\/uploads\/2022\/06\/32-150x150.jpg\" alt=\"\" width=\"150\" height=\"150\" srcset=\"https:\/\/www.szkolenia-zarzadzanie.com.pl\/wp-content\/uploads\/2022\/06\/32-150x150.jpg 150w, https:\/\/www.szkolenia-zarzadzanie.com.pl\/wp-content\/uploads\/2022\/06\/32-100x100.jpg 100w\" sizes=\"auto, (max-width: 150px) 100vw, 150px\" \/>Hej. Witaj u mnie na blogu dla os\u00f3b zwi\u0105zanych z HR.<\/p>\n<p>Doradca z zakresu zarz\u0105dzania. Wsp\u00f3\u0142prowadz\u0119 treningi dla przedsiebiorc\u00f3w i dyrektor\u00f3w regionalnych oddzia\u0142\u00f3w sprzeda\u017cy. Wiod\u0105cy angloj\u0119zyczny szkoleniowiec <a href=\"https:\/\/www.szkolenia-menedzerskie.pl\">Fundacji Training Projects.<\/a> Prowadzi\u0142em szkolenia dla:<\/p>\n<ul>\n<li>Rainbow Tours SA GK ,<\/li>\n<li>Mahle Polska sp. z o.o. ,<\/li>\n<li>Innogy Stoen Operator sp. z o.o. ,<\/li>\n<li>Carservis SA GK ,<\/li>\n<li>Silva sp. z o.o. ,<\/li>\n<li>Sofidel Poland sp. z o.o.,<\/li>\n<li>Mokate sp. z o.o.,<\/li>\n<li>Dr. Schneider Automotive Polska sp. z o.o.,<\/li>\n<li>Vershold Poland sp. z o.o.,<\/li>\n<li>Eurobox Polska sp. z o.o.,<\/li>\n<li>Avantor Performance Materials Poland SA,<\/li>\n<li>Linarite Company sp. z o.o.,<\/li>\n<li>Polcopper sp. z o.o.,<\/li>\n<li>Alventa SA<\/li>\n<\/ul>\n<p>Koordynowa\u0142em spotkania rozwojowe w programach dofinansowanych z EFS:<\/p>\n<ul>\n<li>Baromert Regionalny. Analizy i Prognozy. Nr 2(16),<\/li>\n<li>Diagnostyka zautomatyzowanych proces\u00f3w przemys\u0142owych,<\/li>\n<li>Economical and Political Interrelations in the Asia-Pacific Region. PN 294,<\/li>\n<li>Informacja elektroniczna a prawo autorskie,<\/li>\n<li>Komunikacja naukowa w \u015brodowisku cyfrowym,<\/li>\n<li>Mobbing \u2013 kiedy pracodawca za niego odpowie i w jakim zakresie,<\/li>\n<li>Podr\u0119cznik UKD dla bibliotekarzy i pracownik\u00f3w informacji,<\/li>\n<li>Prezydencja niemiecka a stan debaty o reformie Unii Europejskiej,<\/li>\n<li>Strategie optymalne w mechanice lotu i biomechanice,<\/li>\n<li>Ubezpieczenia wobec wyzwa\u0144 XXI wieku. PN 342,<\/li>\n<li>Zag\u0119szczanie grunt\u00f3w metod\u0105 mikrowybuch\u00f3w,<\/li>\n<li>Zarz\u0105dzanie. Jak zarz\u0105dza\u0107 i by\u0107 zarz\u0105dzanym,<\/li>\n<li>Akademia rozwoju i kompetencji &#8211; zaj\u0119cia pozalekcyjne.,<\/li>\n<li>Odnawialne \u017ar\u00f3d\u0142a energii szans\u0105 dla mieszka\u0144c\u00f3w obszar\u00f3w wiejskich z powiatu kwidzy\u0144skiego,<\/li>\n<li>Gospodynie Wiejskie wchodz\u0105 do EUROPY!,<\/li>\n<li>J\u0119zyki obce kluczem do sukcesu,<\/li>\n<li>&#8222;Warsztaty psychorozwojowe szans\u0105 na podniesienie kompetencji edukacyjnych u dzieci w wieku 10-12 lat z gminy \u017barnowiec,<\/li>\n<li>Radiokomunikacja nasz\u0105 pasj\u0105,<\/li>\n<li>&#8222;Przedszkole wiejskie kluczem do sukces\u00f3w edukacyjnych dzieci i sp\u00f3jnego rozwoju spo\u0142eczno\u015bci lokalnej inicjatywa edukacyjna Szko\u0142y Podstawowej w Lgocie G\u00f3rnej,<\/li>\n<li>&#8222;ANGIELSKI I KOMPUTER NIE JEST MI OBCY,<\/li>\n<li>&#8222;Co\u015b z niczego \u2013 Rudziniecka Pracownia R\u0119kodzie\u0142a,<\/li>\n<li>Czas na komputer,<\/li>\n<li>Lokalna Akademia Rozwoju Kompetencji J\u0119zykowych i ICT,<\/li>\n<li>Nowe kwalifikacje mieszkanc\u00f3w gm. Chmielnik,<\/li>\n<li>E-dzi@dek, e-b@bcia i nauczyciel wnuczek.,<\/li>\n<li>Wspieranie rozwoju m\u0142odzie\u017cy poprzez nauk\u0119, zabaw\u0119 i wypoczynek,<\/li>\n<li>Lekcja tradycji i obyczaj\u00f3w &#8211; Wesele Warmi\u0144skie w Gminie Biskupiec,<\/li>\n<li>Ma\u0142y mo\u017ce wi\u0119cej ,<\/li>\n<li>Edukacja nasza szans\u0105 &#8211; promocja kszta\u0142cenia ustawicznego i pozaformalnego ,<\/li>\n<li>&#8222;Genialny umys\u0142 przedszkolaka&#8221;,<\/li>\n<li>Poznajemy \u015bwiat,<\/li>\n<li>&#8222;Szko\u0142a sukcesu&#8221;,<\/li>\n<li>Pobudzamy aktywnos\u0107 m\u0142odziezy z P\u0119zina poprzez zapewnienie im zaj\u0119\u0107 w \u015bwietlicy wiejskiej,<\/li>\n<li>&#8222;Edukacja kierunek sukces II edycja&#8221;,<\/li>\n<li>Otw\u00f3rz si\u0119 na nowe technologie,<\/li>\n<li>Wzrost umiej\u0119tno\u015bci komputerowych mieszka\u0144c\u00f3w wojew\u00f3dztwa ma\u0142opolskiego w wieku po 50 roku \u017cycia,<\/li>\n<li>Komputer 50+ &#8211; ECDL Start dla senior\u00f3w z Opolszczyzny,<\/li>\n<li>J\u0119zyki obce kluczem do sukcesu zawodowego os\u00f3b doros\u0142ych z wojew\u00f3dztwa \u015bl\u0105skiego,<\/li>\n<li>J\u0119zyk sukcesu,<\/li>\n<li>Roczny Plan Dzia\u0142ania Pomocy Technicznej PO KL 2007-2008, 2009 i 2010, Urz\u0105d Marsza\u0142kowski Wojew\u00f3dztwa Kujawsko-Pomorskiego,<\/li>\n<li>Roczny Plan Dzia\u0142a\u0144 Pomocy Technicznej POKL na 2007-2008, 2009 i 2010 r., Wojew\u00f3dzki Urz\u0105d Pracy w Olsztynie<\/li>\n<\/ul>\n<p>Wsp\u00f3\u0142autor takich tytu\u0142\u00f3w jak: Bibliografia. Teoria, praktyka, dydaktyka, Biblioteki i zbiory muzyczne w Polsce: przewodnik, Elektroenergetyczne sieci terenowe. Wybrane zagadnienia, Hybrydowa mikroinstalacja OZE zasilaj\u0105ca gospodarstwo domowe, Koncepcja spo\u0142ecznej odpowiedzialno\u015bci przedsi\u0119biorstw w wirtualnych \u0142a\u0144cuchach dostaw, Mikrobiologiczne oczyszczanie gaz\u00f3w z chlorowcopochodnych eten\u00f3w, Nowa Ekonomia Strukturalna wobec kraj\u00f3w mniej zaawansowanych, Prawo autorskie w dzia\u0142alno\u015bci bibliotekarskiej, Studia kulturoznawcze 1(5)\/2014. Kulturowe studia miejskie, Warstwy nanokompozytowe w\u0119glowo-palladowe, Wybrane metody cyfrowego przetwarzania sygna\u0142\u00f3w z przyk\u0142adami program\u00f3w w Matlabie, Zr\u00f3wnowa\u017cony rozw\u00f3j organizacji \u2013 aspekty spo\u0142eczne. PN 378. Aktywny posiadacz licencji konsultingowej: Dutch Consulting Certificate<\/p>\n","protected":false},"excerpt":{"rendered":"<p>Hej. Witaj u mnie na blogu dla os\u00f3b zwi\u0105zanych z HR. Doradca z zakresu zarz\u0105dzania. Wsp\u00f3\u0142prowadz\u0119 treningi dla przedsiebiorc\u00f3w i dyrektor\u00f3w regionalnych oddzia\u0142\u00f3w sprzeda\u017cy. Wiod\u0105cy angloj\u0119zyczny szkoleniowiec Fundacji Training Projects. Prowadzi\u0142em szkolenia dla: Rainbow Tours SA GK , Mahle Polska &hellip; <a href=\"https:\/\/www.szkolenia-zarzadzanie.com.pl\/\">Czytaj dalej <span class=\"meta-nav\">&rarr;<\/span><\/a><\/p>\n","protected":false},"author":1,"featured_media":0,"parent":0,"menu_order":0,"comment_status":"closed","ping_status":"open","template":"","meta":{"footnotes":""},"class_list":["post-2","page","type-page","status-publish","hentry"],"_links":{"self":[{"href":"https:\/\/www.szkolenia-zarzadzanie.com.pl\/index.php\/wp-json\/wp\/v2\/pages\/2","targetHints":{"allow":["GET"]}}],"collection":[{"href":"https:\/\/www.szkolenia-zarzadzanie.com.pl\/index.php\/wp-json\/wp\/v2\/pages"}],"about":[{"href":"https:\/\/www.szkolenia-zarzadzanie.com.pl\/index.php\/wp-json\/wp\/v2\/types\/page"}],"author":[{"embeddable":true,"href":"https:\/\/www.szkolenia-zarzadzanie.com.pl\/index.php\/wp-json\/wp\/v2\/users\/1"}],"replies":[{"embeddable":true,"href":"https:\/\/www.szkolenia-zarzadzanie.com.pl\/index.php\/wp-json\/wp\/v2\/comments?post=2"}],"version-history":[{"count":2,"href":"https:\/\/www.szkolenia-zarzadzanie.com.pl\/index.php\/wp-json\/wp\/v2\/pages\/2\/revisions"}],"predecessor-version":[{"id":85,"href":"https:\/\/www.szkolenia-zarzadzanie.com.pl\/index.php\/wp-json\/wp\/v2\/pages\/2\/revisions\/85"}],"wp:attachment":[{"href":"https:\/\/www.szkolenia-zarzadzanie.com.pl\/index.php\/wp-json\/wp\/v2\/media?parent=2"}],"curies":[{"name":"wp","href":"https:\/\/api.w.org\/{rel}","templated":true}]}}